{"id":1283,"date":"2018-04-17T19:24:58","date_gmt":"2018-04-17T19:24:58","guid":{"rendered":"http:\/\/www.schema.lu\/?page_id=1283"},"modified":"2018-09-20T19:53:34","modified_gmt":"2018-09-20T19:53:34","slug":"media-buzz","status":"publish","type":"page","link":"https:\/\/schema.lu\/?page_id=1283","title":{"rendered":"Media buzz"},"content":{"rendered":"<div id=\"pl-1283\"  class=\"panel-layout\" ><div id=\"pg-1283-0\"  class=\"panel-grid panel-no-style\" ><div id=\"pgc-1283-0-0\"  class=\"panel-grid-cell\" ><div id=\"panel-1283-0-0-0\" class=\"so-panel widget widget_sow-editor panel-first-child panel-last-child\" data-index=\"0\" ><div\n\t\t\t\n\t\t\tclass=\"so-widget-sow-editor so-widget-sow-editor-base\"\n\t\t\t\n\t\t>\n<div class=\"siteorigin-widget-tinymce textwidget\">\n\t<span class=\"\" style=\"display:block;clear:both;height: 0px;padding-top: 20px;border-top-width:0px;border-bottom-width:0px;\"><\/span>\n<p>Media echos of the publication on plastics from Lake Geneva<\/p>\n<p>University of Plymouth - <a href=\"https:\/\/www.plymouth.ac.uk\/news\/high-levels-of-hazardous-chemicals-found-in-plastics-collected-from-lake-geneva\" target=\"_blank\" rel=\"noopener\">press realease<\/a><\/p>\n<p>University of Geneva - <a href=\"https:\/\/schema.lu\/wp-content\/uploads\/2018\/04\/Les-produits-chimiques-stagnent-dans-les-plastiques-du-Le\u00b4man-.pdf\" target=\"_blank\" rel=\"noopener\">press release<\/a><\/p>\n<p><a href=\"https:\/\/www.sciencedaily.com\/releases\/2018\/04\/180403111101.htm\" target=\"_blank\" rel=\"noopener\">Science Daily<\/a><\/p>\n<p><a href=\"https:\/\/www.fondriest.com\/news\/toxic-chemicals-in-plastic-pollution-littering-freshwater-habitats.htm\" target=\"_blank\" rel=\"noopener\">Environmental Monitor<\/a><\/p>\n<p><a href=\"https:\/\/www.earth.com\/news\/plastic-pollution-lakes-freshwater\/\" target=\"_blank\" rel=\"noopener\">Earth.com<\/a><\/p>\n<p><a href=\"http:\/\/www.bbc.com\/future\/story\/20180426-why-plastics-are-not-just-an-ocean-problem\" target=\"_blank\" rel=\"noopener\">BBC<\/a><\/p>\n<p>Radios:<\/p>\n<ul>\n<li>RTS UN: <a href=\"https:\/\/www.rts.ch\/play\/tv\/19h30\/video\/pollution-au-plastique-du-lac-leman-entretien-avec-pierre-rabhi-auteur-ecologiste?id=9490768\" target=\"_blank\" rel=\"noopener\">Lac L\u00e9man: pollution au plastique<\/a><\/li>\n<li>SRF 4News: <a href=\"https:\/\/www.srf.ch\/sendungen\/info-3\/giftiger-plastikmuell-am-genfersee-entdeckt\" target=\"_blank\" rel=\"noopener\">Giftiger Plastikm\u00fcll am Genfersee entdeckt<\/a><\/li>\n<\/ul>\n<p>TV:<\/p>\n<ul>\n<li>SRF: <a href=\"https:\/\/www.srf.ch\/sendungen\/einstein\/plastikmuell-auch-ein-schweizer-problem\" target=\"_blank\" rel=\"noopener\">Plastikm\u00fcll \u2013 auch ein Schweizer Problem<\/a><\/li>\n<\/ul>\n<p>Newspapers:<\/p>\n<ul>\n<li>La Tribune de Gen\u00e8ve - <a href=\"https:\/\/www.tdg.ch\/geneve\/metaux-lourds-plages-leman\/story\/28324738\" target=\"_blank\" rel=\"noopener\">Trop de m\u00e9taux lourds sur les plages du L\u00e9man<\/a>, <a href=\"https:\/\/www.tdg.ch\/geneve\/metaux-lourds-plages-leman\/story\/28324738\" target=\"_blank\" rel=\"noopener\">Trop de m\u00e9taux lourds sur les plages du L\u00e9man<\/a>, <a href=\"https:\/\/www.tdg.ch\/editorial\/leman-tresor-preservonsle\/story\/21390131\" target=\"_blank\" rel=\"noopener\">Le L\u00e9man est un tr\u00e9sor, pr\u00e9servons-le<\/a>, <a href=\"https:\/\/www.tdg.ch\/geneve\/actu-genevoise\/Les-plastiques-jetes-dans-le-lac-renferment-un-cocktail-tres-nocif\/story\/17900752\" target=\"_blank\" rel=\"noopener\">Les plastiques jet\u00e9s dans le lac cachent un cocktail tr\u00e8s nocif<\/a>, <a href=\"https:\/\/schema.lu\/wp-content\/uploads\/2018\/04\/page_1_Tribune_de_Gen\u00e8ve__2018-04-17.pdf\" target=\"_blank\" rel=\"noopener\">PDF page 1<\/a>, <a href=\"https:\/\/schema.lu\/wp-content\/uploads\/2018\/04\/page_7_Tribune_de_Gen\u00e8ve__2018-04-17.pdf\" target=\"_blank\" rel=\"noopener\">PDF page 7<\/a><\/li>\n<li><a href=\"https:\/\/www.letemps.ch\/sciences\/plages-leman-polluees-mercure-plomb-cadmium\" target=\"_blank\" rel=\"noopener\">Le Temps<\/a>, <a href=\"https:\/\/schema.lu\/wp-content\/uploads\/2018\/06\/69976038.pdf\" target=\"_blank\" rel=\"noopener\">Le Temps<\/a><\/li>\n<li><a href=\"https:\/\/www.lematin.ch\/geneve\/Trop-de-metaux-lourds-sur-les-plages-du-Leman\/story\/28324738\" target=\"_blank\" rel=\"noopener\">Le Matin<\/a>, <a href=\"https:\/\/schema.lu\/wp-content\/uploads\/2018\/04\/69430688.pdf\" target=\"_blank\" rel=\"noopener\">Le Matin Dimanche<\/a>, <a href=\"https:\/\/schema.lu\/wp-content\/uploads\/2018\/04\/69430709.pdf\" target=\"_blank\" rel=\"noopener\">Le Matin Dimanche<\/a><\/li>\n<li><a href=\"https:\/\/www.lenouvelliste.ch\/articles\/suisse\/dechets-plastiques-du-mercure-plomb-et-cadmium-sur-les-plages-du-leman-750455\" target=\"_blank\" rel=\"noopener\">Le Nouvelliste<\/a><\/li>\n<li><a href=\"http:\/\/revue-presse.unige.ch\/files\/articles\/2018-06-22\/70062467.pdf\" target=\"_blank\" rel=\"noopener\">Le Quotidien Jurassien<\/a><\/li>\n<li><a href=\"http:\/\/www.journaldujura.ch\/du-mercure-plomb-et-cadmium-sur-les-plages-du-leman\" target=\"_blank\" rel=\"noopener\">Le Journal du Jura<\/a><\/li>\n<li><a href=\"https:\/\/schema.lu\/wp-content\/uploads\/2018\/04\/22918-FIG11A-ROISSY.pdf\" target=\"_blank\" rel=\"noopener\">Le Figaro<\/a><\/li>\n<li><a href=\"http:\/\/www.agefi.com\/nc\/quotidien-agefi\/derniere\/detail\/edition\/2018-04-17\/article\/des-metaux-lourds-sur-les-plages-du-leman-474017.html\" target=\"_blank\" rel=\"noopener\">AGEFI<\/a><\/li>\n<li><a href=\"https:\/\/schema.lu\/wp-content\/uploads\/2018\/04\/69436087.pdf\" target=\"_blank\" rel=\"noopener\">ATS<\/a><\/li>\n<li><a href=\"https:\/\/schema.lu\/wp-content\/uploads\/2018\/04\/69435818.pdf\" target=\"_blank\" rel=\"noopener\">SDA<\/a><\/li>\n<li><a href=\"https:\/\/www.arcinfo.ch\/articles\/suisse\/dechets-plastiques-du-mercure-plomb-et-cadmium-sur-les-plages-du-leman-750455\" target=\"_blank\" rel=\"noopener\">Arcinfo<\/a><\/li>\n<li><a href=\"http:\/\/www.20min.ch\/ro\/news\/geneve\/story\/Voila-ce-qu-on-peut-trouver-sur-une-plage-du-Leman-14898558\" target=\"_blank\" rel=\"noopener\">20 minutes<\/a><\/li>\n<li><a href=\"https:\/\/schema.lu\/wp-content\/uploads\/2018\/04\/69401288.pdf\" target=\"_blank\" rel=\"noopener\">Terre&amp;Nature<\/a><\/li>\n<li><a href=\"https:\/\/schema.lu\/wp-content\/uploads\/2018\/04\/ta_20180417_0_0_42.pdf\" target=\"_blank\" rel=\"noopener\">Tages Angezeiger<\/a><\/li>\n<li><a href=\"https:\/\/schema.lu\/wp-content\/uploads\/2018\/04\/bu_20180417_0_0_37.pdf\" target=\"_blank\" rel=\"noopener\">Der kleine Bund<\/a><\/li>\n<li><a href=\"https:\/\/schema.lu\/wp-content\/uploads\/2018\/04\/69342145.pdf\" target=\"_blank\" rel=\"noopener\">Basler Zeitung<\/a><\/li>\n<li><a href=\"https:\/\/schema.lu\/wp-content\/uploads\/2018\/04\/bz_20180417_0_0_29st.pdf\" target=\"_blank\" rel=\"noopener\">Berner Zeitung 17.04.2018<\/a>, <a href=\"https:\/\/schema.lu\/wp-content\/uploads\/2018\/07\/70321027.pdf\" target=\"_blank\" rel=\"noopener\">Berner Zeitung \/ Edition Stadt+Region Bern, 18.07.2018<\/a><\/li>\n<li><a href=\"https:\/\/schema.lu\/wp-content\/uploads\/2018\/04\/bz_20180417_0_0_1oa.pdf\" target=\"_blank\" rel=\"noopener\">Langenthaler Tagblatt<\/a><\/li>\n<li><a href=\"https:\/\/schema.lu\/wp-content\/uploads\/2018\/04\/bz_20180417_0_0_29bo.pdf\" target=\"_blank\" rel=\"noopener\">Berner Oberl\u00e4nder\/Thuner Tagblatt<\/a><\/li>\n<li><a href=\"https:\/\/schema.lu\/wp-content\/uploads\/2018\/04\/lb_20180417_0_0_13.pdf\" target=\"_blank\" rel=\"noopener\">Der Landbote<\/a><\/li>\n<li><a href=\"https:\/\/schema.lu\/wp-content\/uploads\/2018\/05\/GHI.jpg\" target=\"_blank\" rel=\"noopener\">GHI Geneva<\/a><\/li>\n<li><a href=\"https:\/\/schema.lu\/wp-content\/uploads\/2018\/09\/ILMAC.pdf\" target=\"_blank\" rel=\"noopener\">ChemieXtra<\/a><\/li>\n<li><a href=\"https:\/\/www.unige.ch\/campusjunior\/files\/1815\/3682\/2785\/Focus_plastiques_Leman_CJ16.pdf\" target=\"_blank\" rel=\"noopener\">Campus Junior UNIGE<\/a><\/li>\n<\/ul>\n<\/div>\n<\/div><\/div><\/div><\/div><\/div>","protected":false},"excerpt":{"rendered":"<p>Media echos of the publication on plastics from Lake Geneva University of Plymouth &#8211; press realease University of Geneva &#8211; <a class=\"more-link\" href=\"https:\/\/schema.lu\/?page_id=1283\">Read More &#8230;<\/a><\/p>\n","protected":false},"author":1,"featured_media":0,"parent":0,"menu_order":0,"comment_status":"closed","ping_status":"closed","template":"","meta":{"footnotes":""},"class_list":["post-1283","page","type-page","status-publish","hentry"],"_links":{"self":[{"href":"https:\/\/schema.lu\/index.php?rest_route=\/wp\/v2\/pages\/1283","targetHints":{"allow":["GET"]}}],"collection":[{"href":"https:\/\/schema.lu\/index.php?rest_route=\/wp\/v2\/pages"}],"about":[{"href":"https:\/\/schema.lu\/index.php?rest_route=\/wp\/v2\/types\/page"}],"author":[{"embeddable":true,"href":"https:\/\/schema.lu\/index.php?rest_route=\/wp\/v2\/users\/1"}],"replies":[{"embeddable":true,"href":"https:\/\/schema.lu\/index.php?rest_route=%2Fwp%2Fv2%2Fcomments&post=1283"}],"version-history":[{"count":46,"href":"https:\/\/schema.lu\/index.php?rest_route=\/wp\/v2\/pages\/1283\/revisions"}],"predecessor-version":[{"id":1440,"href":"https:\/\/schema.lu\/index.php?rest_route=\/wp\/v2\/pages\/1283\/revisions\/1440"}],"wp:attachment":[{"href":"https:\/\/schema.lu\/index.php?rest_route=%2Fwp%2Fv2%2Fmedia&parent=1283"}],"curies":[{"name":"wp","href":"https:\/\/api.w.org\/{rel}","templated":true}]}}